{"id":10,"date":"2014-05-02T19:10:17","date_gmt":"2014-05-02T19:10:17","guid":{"rendered":"http:\/\/laser-pyrotechnik.de\/?page_id=10"},"modified":"2015-05-05T18:06:01","modified_gmt":"2015-05-05T16:06:01","slug":"startpage","status":"publish","type":"page","link":"https:\/\/www.laser-pyrotechnik.de\/","title":{"rendered":"Startpage"},"content":{"rendered":"<h1 class=\"Stil2\" style=\"font-size: xx-large; font-weight: bold; color: #0000ff;\"><a href=\"https:\/\/laser-pyrotechnik.de\/wp-content\/uploads\/2015\/05\/visiten_laser.png\"><img loading=\"lazy\" decoding=\"async\" class=\" wp-image-69 size-medium alignright\" src=\"https:\/\/laser-pyrotechnik.de\/wp-content\/uploads\/2015\/05\/visiten_laser-300x168.png\" alt=\"visiten_laser\" width=\"300\" height=\"168\" srcset=\"https:\/\/www.laser-pyrotechnik.de\/wp-content\/uploads\/2015\/05\/visiten_laser-300x168.png 300w, https:\/\/www.laser-pyrotechnik.de\/wp-content\/uploads\/2015\/05\/visiten_laser.png 490w\" sizes=\"auto, (max-width: 300px) 100vw, 300px\" \/><\/a><\/h1>\n<h1 class=\"Stil2\" style=\"font-size: xx-large; font-weight: bold; color: #0000ff;\">Lasershow und Feuerwerk<\/h1>\n<p>&nbsp;<\/p>\n<p><a href=\"https:\/\/laser-pyrotechnik.de\/wp-content\/uploads\/2014\/05\/pyroformance_logo.jpg\"><img loading=\"lazy\" decoding=\"async\" class=\"alignnone wp-image-11\" src=\"https:\/\/laser-pyrotechnik.de\/wp-content\/uploads\/2014\/05\/pyroformance_logo-300x105.jpg\" alt=\"pyroformance_logo\" width=\"200\" height=\"70\" \/><\/a><\/p>\n<p>&nbsp;<\/p>\n<p>&nbsp;<\/p>\n<h3 class=\"Stil1\" style=\"font-size: large; font-weight: bold; color: #ff0000;\">&#8211; Lasershow mit Hochleistungslaser High End Fullcolor<\/h3>\n<p>&nbsp;<\/p>\n<h3 class=\"Stil1\" style=\"font-size: large; font-weight: bold; color: #ff0000;\">&#8211; H\u00f6chste Scanning-Geschwindigkeiten, sowie detailgetreue, hochaufl\u00f6sende Grafik- Eigenschaften auf h\u00f6chstem Niveau!<\/h3>\n<p>&nbsp;<\/p>\n<h3 class=\"Stil1\" style=\"font-size: large; font-weight: bold; color: #ff0000;\">&#8211; Laserschutzbeauftragter nach VDE 0837<\/h3>\n<p>&nbsp;<\/p>\n<h3 class=\"Stil1\" style=\"font-size: large; font-weight: bold; color: #ff0000;\">&#8211; Pyrotechnik \/ Feuerwerk Klasse 1 &#8211; 4<\/h3>\n","protected":false},"excerpt":{"rendered":"<p>Lasershow und Feuerwerk &nbsp; &nbsp; &nbsp; &#8211; Lasershow mit Hochleistungslaser High End Fullcolor &nbsp; &#8211; H\u00f6chste Scanning-Geschwindigkeiten, sowie detailgetreue, hochaufl\u00f6sende Grafik- Eigenschaften auf h\u00f6chstem Niveau! &nbsp; &#8211; Laserschutzbeauftragter nach VDE 0837 &nbsp; &#8211; Pyrotechnik \/ Feuerwerk Klasse 1 &#8211; 4<\/p>\n","protected":false},"author":1,"featured_media":0,"parent":0,"menu_order":0,"comment_status":"closed","ping_status":"closed","template":"","meta":{"footnotes":""},"class_list":["post-10","page","type-page","status-publish","hentry"],"_links":{"self":[{"href":"https:\/\/www.laser-pyrotechnik.de\/index.php?rest_route=\/wp\/v2\/pages\/10","targetHints":{"allow":["GET"]}}],"collection":[{"href":"https:\/\/www.laser-pyrotechnik.de\/index.php?rest_route=\/wp\/v2\/pages"}],"about":[{"href":"https:\/\/www.laser-pyrotechnik.de\/index.php?rest_route=\/wp\/v2\/types\/page"}],"author":[{"embeddable":true,"href":"https:\/\/www.laser-pyrotechnik.de\/index.php?rest_route=\/wp\/v2\/users\/1"}],"replies":[{"embeddable":true,"href":"https:\/\/www.laser-pyrotechnik.de\/index.php?rest_route=%2Fwp%2Fv2%2Fcomments&post=10"}],"version-history":[{"count":9,"href":"https:\/\/www.laser-pyrotechnik.de\/index.php?rest_route=\/wp\/v2\/pages\/10\/revisions"}],"predecessor-version":[{"id":73,"href":"https:\/\/www.laser-pyrotechnik.de\/index.php?rest_route=\/wp\/v2\/pages\/10\/revisions\/73"}],"wp:attachment":[{"href":"https:\/\/www.laser-pyrotechnik.de\/index.php?rest_route=%2Fwp%2Fv2%2Fmedia&parent=10"}],"curies":[{"name":"wp","href":"https:\/\/api.w.org\/{rel}","templated":true}]}}